{"id":315,"date":"2024-12-14T13:58:48","date_gmt":"2024-12-14T13:58:48","guid":{"rendered":"https:\/\/silkroad-rally.com\/?page_id=315"},"modified":"2024-12-14T13:58:48","modified_gmt":"2024-12-14T13:58:48","slug":"datenschutz","status":"publish","type":"page","link":"https:\/\/silkroad-rally.com\/tr\/veri%cc%87-koruma\/","title":{"rendered":"Veri koruma"},"content":{"rendered":"<div>\n<div id=\"lc-text-AgencyClient_DSE-de\"><\/div>\n<script>\n  fetch(`https:\/\/app.cockpit.legal\/api\/cockpit\/resources\/legaldocumentshare\/8e4c131688eec674eaf7e95fbb8d7e27\/document\/render\/html?language=de`)\n  .then((result) => { return result.text(); })\n  .then((content) => {\n    document.getElementById(\"lc-text-AgencyClient_DSE-de\").innerHTML = content\n  });\n<\/script>\n<noscript>\n  JavaScript'i devre d\u0131\u015f\u0131 b\u0131rakt\u0131\u011f\u0131n\u0131z i\u00e7in bu yasal metni g\u00f6remiyorsunuz.\n  L\u00fctfen bunu takip edin\n  <a target=\"_blank\" href=\"https:\/\/app.cockpit.legal\/api\/cockpit\/resources\/legaldocumentshare\/8e4c131688eec674eaf7e95fbb8d7e27\/document\/render\/html?language=de\">Ba\u011flant\u0131<\/a>,\n  yasal metni g\u00f6r\u00fcnt\u00fclemek i\u00e7in.\n<\/noscript>\n<\/div>\n\n\n\n<p><\/p>","protected":false},"excerpt":{"rendered":"","protected":false},"author":1,"featured_media":0,"parent":0,"menu_order":0,"comment_status":"closed","ping_status":"closed","template":"","meta":{"footnotes":""},"class_list":["post-315","page","type-page","status-publish","hentry"],"yoast_head":"<!-- This site is optimized with the Yoast SEO plugin v24.6 - https:\/\/yoast.com\/wordpress\/plugins\/seo\/ -->\n<title>Datenschutz - Silk Road Rally<\/title>\n<meta name=\"robots\" content=\"index, follow, max-snippet:-1, max-image-preview:large, max-video-preview:-1\" \/>\n<link rel=\"canonical\" href=\"https:\/\/silkroad-rally.com\/tr\/veri\u0307-koruma\/\" \/>\n<meta property=\"og:locale\" content=\"tr_TR\" \/>\n<meta property=\"og:type\" content=\"article\" \/>\n<meta property=\"og:title\" content=\"Datenschutz - Silk Road Rally\" \/>\n<meta property=\"og:url\" content=\"https:\/\/silkroad-rally.com\/tr\/veri\u0307-koruma\/\" \/>\n<meta property=\"og:site_name\" content=\"Silk Road Rally\" \/>\n<meta property=\"article:publisher\" content=\"https:\/\/www.instagram.com\/silkroad_rally\/\" \/>\n<meta name=\"twitter:card\" content=\"summary_large_image\" \/>\n<meta name=\"twitter:site\" content=\"@silkroad_rally\" \/>\n<script type=\"application\/ld+json\" class=\"yoast-schema-graph\">{\"@context\":\"https:\/\/schema.org\",\"@graph\":[{\"@type\":\"WebPage\",\"@id\":\"https:\/\/silkroad-rally.com\/datenschutz\/\",\"url\":\"https:\/\/silkroad-rally.com\/datenschutz\/\",\"name\":\"Datenschutz - Silk Road Rally\",\"isPartOf\":{\"@id\":\"https:\/\/silkroad-rally.com\/#website\"},\"datePublished\":\"2024-12-14T13:58:48+00:00\",\"breadcrumb\":{\"@id\":\"https:\/\/silkroad-rally.com\/datenschutz\/#breadcrumb\"},\"inLanguage\":\"tr\",\"potentialAction\":[{\"@type\":\"ReadAction\",\"target\":[\"https:\/\/silkroad-rally.com\/datenschutz\/\"]}]},{\"@type\":\"BreadcrumbList\",\"@id\":\"https:\/\/silkroad-rally.com\/datenschutz\/#breadcrumb\",\"itemListElement\":[{\"@type\":\"ListItem\",\"position\":1,\"name\":\"Home\",\"item\":\"https:\/\/silkroad-rally.com\/\"},{\"@type\":\"ListItem\",\"position\":2,\"name\":\"Datenschutz\"}]},{\"@type\":\"WebSite\",\"@id\":\"https:\/\/silkroad-rally.com\/#website\",\"url\":\"https:\/\/silkroad-rally.com\/\",\"name\":\"Silkroad Rally\",\"description\":\"\",\"publisher\":{\"@id\":\"https:\/\/silkroad-rally.com\/#organization\"},\"potentialAction\":[{\"@type\":\"SearchAction\",\"target\":{\"@type\":\"EntryPoint\",\"urlTemplate\":\"https:\/\/silkroad-rally.com\/?s={search_term_string}\"},\"query-input\":{\"@type\":\"PropertyValueSpecification\",\"valueRequired\":true,\"valueName\":\"search_term_string\"}}],\"inLanguage\":\"tr\"},{\"@type\":\"Organization\",\"@id\":\"https:\/\/silkroad-rally.com\/#organization\",\"name\":\"Silkroad Rally\",\"url\":\"https:\/\/silkroad-rally.com\/\",\"logo\":{\"@type\":\"ImageObject\",\"inLanguage\":\"tr\",\"@id\":\"https:\/\/silkroad-rally.com\/#\/schema\/logo\/image\/\",\"url\":\"https:\/\/silkroad-rally.com\/wp-content\/uploads\/2024\/09\/cropped-cropped-Rechts23-9.webp\",\"contentUrl\":\"https:\/\/silkroad-rally.com\/wp-content\/uploads\/2024\/09\/cropped-cropped-Rechts23-9.webp\",\"width\":472,\"height\":265,\"caption\":\"Silkroad Rally\"},\"image\":{\"@id\":\"https:\/\/silkroad-rally.com\/#\/schema\/logo\/image\/\"},\"sameAs\":[\"https:\/\/www.instagram.com\/silkroad_rally\/\",\"https:\/\/x.com\/silkroad_rally\"]}]}<\/script>\n<!-- \/ Yoast SEO plugin. -->","yoast_head_json":{"title":"Datenschutz - Silk Road Rally","robots":{"index":"index","follow":"follow","max-snippet":"max-snippet:-1","max-image-preview":"max-image-preview:large","max-video-preview":"max-video-preview:-1"},"canonical":"https:\/\/silkroad-rally.com\/tr\/veri\u0307-koruma\/","og_locale":"tr_TR","og_type":"article","og_title":"Datenschutz - Silk Road Rally","og_url":"https:\/\/silkroad-rally.com\/tr\/veri\u0307-koruma\/","og_site_name":"Silk Road Rally","article_publisher":"https:\/\/www.instagram.com\/silkroad_rally\/","twitter_card":"summary_large_image","twitter_site":"@silkroad_rally","schema":{"@context":"https:\/\/schema.org","@graph":[{"@type":"WebPage","@id":"https:\/\/silkroad-rally.com\/datenschutz\/","url":"https:\/\/silkroad-rally.com\/datenschutz\/","name":"Datenschutz - Silk Road Rally","isPartOf":{"@id":"https:\/\/silkroad-rally.com\/#website"},"datePublished":"2024-12-14T13:58:48+00:00","breadcrumb":{"@id":"https:\/\/silkroad-rally.com\/datenschutz\/#breadcrumb"},"inLanguage":"tr","potentialAction":[{"@type":"ReadAction","target":["https:\/\/silkroad-rally.com\/datenschutz\/"]}]},{"@type":"BreadcrumbList","@id":"https:\/\/silkroad-rally.com\/datenschutz\/#breadcrumb","itemListElement":[{"@type":"ListItem","position":1,"name":"Home","item":"https:\/\/silkroad-rally.com\/"},{"@type":"ListItem","position":2,"name":"Datenschutz"}]},{"@type":"WebSite","@id":"https:\/\/silkroad-rally.com\/#website","url":"https:\/\/silkroad-rally.com\/","name":"Silkroad Rally","description":"","publisher":{"@id":"https:\/\/silkroad-rally.com\/#organization"},"potentialAction":[{"@type":"SearchAction","target":{"@type":"EntryPoint","urlTemplate":"https:\/\/silkroad-rally.com\/?s={search_term_string}"},"query-input":{"@type":"PropertyValueSpecification","valueRequired":true,"valueName":"search_term_string"}}],"inLanguage":"tr"},{"@type":"Organization","@id":"https:\/\/silkroad-rally.com\/#organization","name":"Silkroad Rally","url":"https:\/\/silkroad-rally.com\/","logo":{"@type":"ImageObject","inLanguage":"tr","@id":"https:\/\/silkroad-rally.com\/#\/schema\/logo\/image\/","url":"https:\/\/silkroad-rally.com\/wp-content\/uploads\/2024\/09\/cropped-cropped-Rechts23-9.webp","contentUrl":"https:\/\/silkroad-rally.com\/wp-content\/uploads\/2024\/09\/cropped-cropped-Rechts23-9.webp","width":472,"height":265,"caption":"Silkroad Rally"},"image":{"@id":"https:\/\/silkroad-rally.com\/#\/schema\/logo\/image\/"},"sameAs":["https:\/\/www.instagram.com\/silkroad_rally\/","https:\/\/x.com\/silkroad_rally"]}]}},"_links":{"self":[{"href":"https:\/\/silkroad-rally.com\/tr\/wp-json\/wp\/v2\/pages\/315","targetHints":{"allow":["GET"]}}],"collection":[{"href":"https:\/\/silkroad-rally.com\/tr\/wp-json\/wp\/v2\/pages"}],"about":[{"href":"https:\/\/silkroad-rally.com\/tr\/wp-json\/wp\/v2\/types\/page"}],"author":[{"embeddable":true,"href":"https:\/\/silkroad-rally.com\/tr\/wp-json\/wp\/v2\/users\/1"}],"replies":[{"embeddable":true,"href":"https:\/\/silkroad-rally.com\/tr\/wp-json\/wp\/v2\/comments?post=315"}],"version-history":[{"count":1,"href":"https:\/\/silkroad-rally.com\/tr\/wp-json\/wp\/v2\/pages\/315\/revisions"}],"predecessor-version":[{"id":316,"href":"https:\/\/silkroad-rally.com\/tr\/wp-json\/wp\/v2\/pages\/315\/revisions\/316"}],"wp:attachment":[{"href":"https:\/\/silkroad-rally.com\/tr\/wp-json\/wp\/v2\/media?parent=315"}],"curies":[{"name":"wp","href":"https:\/\/api.w.org\/{rel}","templated":true}]}}